{"id":80,"date":"2009-06-25T14:29:45","date_gmt":"2009-06-25T14:29:45","guid":{"rendered":"http:\/\/www.severalpursuits.org\/wordpress\/?page_id=80"},"modified":"2023-10-14T17:05:53","modified_gmt":"2023-10-14T17:05:53","slug":"more-words-links","status":"publish","type":"page","link":"https:\/\/severalpursuits.org\/?page_id=80","title":{"rendered":"SYMPOSIUM"},"content":{"rendered":"<p>&nbsp;<\/p>\n<p>&nbsp;<\/p>\n<p>&nbsp;<\/p>\n<p><strong>PURSUIT: FAILURE<br \/>\nSYMPOSIUM<\/strong><\/p>\n<p>5-7 November 2010<br \/>\nSchererstrasse 9 \/ 11<br \/>\n@ <a href=\"http:\/\/i-a-m.tk\/\">Institut f\u00fcr Alles M\u00f6glich<\/a>e &amp; <a href=\"http:\/\/www.oursecondhome.de\/projects\/\">secondhome projects <\/a><br \/>\n13347 Berlin-Wedding<\/p>\n<p>ALL WELCOME.<br \/>\nFriday performance free \/\/ Sat &amp; Sun: 1 day \u20ac5 \/ 2 days \u20ac7<br \/>\nFree for Speakers &amp; OPEN SLOT Participants<\/p>\n<p><img loading=\"lazy\" decoding=\"async\" class=\"alignnone wp-image-883 size-full\" src=\"https:\/\/severalpursuits.org\/wp-content\/uploads\/2023\/10\/soa_12.jpg\" alt=\"\" width=\"400\" height=\"225\" srcset=\"https:\/\/severalpursuits.org\/wp-content\/uploads\/2023\/10\/soa_12.jpg 400w, https:\/\/severalpursuits.org\/wp-content\/uploads\/2023\/10\/soa_12-300x169.jpg 300w\" sizes=\"auto, (max-width: 400px) 100vw, 400px\" \/><\/p>\n<p>FAILURE is essential to all greatness, not merely in providing its contrast but as an essential part of the processes of growing, experimenting, learning and living. We cherish the ever failing C. Chaplin or Homer S. for their Sisyphusian predicaments, we quote Beckett, film in obsolete media and yet at the same time few artists dare to embrace the option of artistic practice as failure itself.<\/p>\n<p>The FAILURE symposium was a weekend of talks, presentations, experiments and cups of tea with artists, writers, performers and other folk from Berlin and abroad about their encounters with failure, both in their own practice as well as within the wider realm of the artistic profession and its modes of presenting itself. The symposium was intended as an informal platform for exchange and debate. We therefore wanted to welcome artists, writers, walkers, talkers, makers and other curious people to listen and speak.<\/p>\n<p><strong>An Open Slot had been reserved for those who decided to present at short notice. <\/strong><\/p>\n<p>The Symposium was the third stage of SEVERAL PURSUITS debut pursuit \u2018FAILURE\u2019 for which we gathered positions and reflections to explore meaning and possible potential of failure in contemporary visual arts. In times of omnipresent crisis such as a failing economy and a collapsing art market (and potentially fading self-esteem of those involved making art) we wrote a CALL FOR REJECTS when launching the project in 2009. Many artists have thereafter submitted images and accounts of works of art that they have themselves rejected yet hung onto. A full archive of these REJECTS can be found online <a href=\"http:\/\/www.severalpursuits.org\/?page_id=79\">here<\/a> or in the publication for the symposium which is available as a download below. Following this another CALL was spread online in 2010 &#8211; inviting more thinkers to submit texts and other written documents that deal with the concept of failure and its reflection in creative practice. The FAILURE symposium has emerged out of these submissions and the further pursuit of topics raised in them.<\/p>\n<p>The FAILURE symposium was kindly hosted at Institut f\u00fcr Alles M\u00f6gliche <a href=\"http:\/\/www.i-a-m.tk\">http:\/\/www.i-a-m.tk<\/a> &amp; secondhome projects <a href=\"http:\/\/www.oursecondhome.de\/projects\/\">http:\/\/www.oursecondhome.de\/projects\/<\/a> in Berlin-Wedding and was supported by Quartiersmanagement Pankstrasse (which in turn is being supported by the European Union, the Federal Republic of Germany and the Federal State of Berlin as part of the program \u00bbZukunftsinitiative Stadtteil\u00ab section \u00bbSoziale Stadt\u00bb).<\/p>\n<p><strong>Thursday\/Donnerstag, 4 November \/ 20h <\/strong><\/p>\n<p>Radio Broadcast<br \/>\nPURSUIT: FAILURE (IN THE WORKS)<br \/>\nA radio play by \/ Ein H\u00f6rspiel von KitSum Chengis, Vancouver, CA<br \/>\nPi-Radio: UKW88,4 MHz<br \/>\n<a href=\"http:\/\/www.piradio.de\">www.piradio.de<\/a> for online stream<\/p>\n<p><strong>Friday\/Freitag, 5 November 19 h <\/strong><\/p>\n<p>INSTRUCTED PERFORMANCE<br \/>\nAndrew Lampert, NYC, USA &amp; William Rose, Leeds, GB<\/p>\n<p><img loading=\"lazy\" decoding=\"async\" class=\"alignnone wp-image-884 size-full\" src=\"https:\/\/severalpursuits.org\/wp-content\/uploads\/2023\/10\/instructedperformance.jpg\" alt=\"\" width=\"520\" height=\"203\" srcset=\"https:\/\/severalpursuits.org\/wp-content\/uploads\/2023\/10\/instructedperformance.jpg 520w, https:\/\/severalpursuits.org\/wp-content\/uploads\/2023\/10\/instructedperformance-300x117.jpg 300w\" sizes=\"auto, (max-width: 520px) 100vw, 520px\" \/><\/p>\n<p>Refreshments available \/ Barbetrieb<\/p>\n<p><strong>Saturday\/Samstag 6 November<\/strong> (11 &#8211; 19 h)<\/p>\n<p>Welcome &amp; Introduction \/ Begr\u00fc\u00dfung &amp; Einleitung<br \/>\nV B\u00fchrer \/ P Hanson, SEVERAL PURSUITS, Berlin<\/p>\n<p><a href=\"http:\/\/www.questiontime.me\">QUESTION TIME<\/a><br \/>\nConversation &amp; Discussion \/ Gemeinsamer Vortrag und Diskussionsrunde<br \/>\nAlex Eisenberg, David Berridge and Mary Paterson, London, GB<\/p>\n<p><img loading=\"lazy\" decoding=\"async\" class=\"alignnone wp-image-885 size-full\" src=\"https:\/\/severalpursuits.org\/wp-content\/uploads\/2023\/10\/questiontime.jpg\" alt=\"\" width=\"851\" height=\"203\" srcset=\"https:\/\/severalpursuits.org\/wp-content\/uploads\/2023\/10\/questiontime.jpg 851w, https:\/\/severalpursuits.org\/wp-content\/uploads\/2023\/10\/questiontime-300x72.jpg 300w, https:\/\/severalpursuits.org\/wp-content\/uploads\/2023\/10\/questiontime-768x183.jpg 768w\" sizes=\"auto, (max-width: 851px) 100vw, 851px\" \/><\/p>\n<p>RAUMSPURENSUCHE im Wedding &#8211; ein Spaziergang mit Gelegenheiten zum Lunch<br \/>\nSPACES &amp; TRACES (Wedding) &#8211; a walk with lunch opportunities<br \/>\nPauline Hanson, Berlin<\/p>\n<p><img loading=\"lazy\" decoding=\"async\" class=\"alignnone wp-image-886 size-full\" src=\"https:\/\/severalpursuits.org\/wp-content\/uploads\/2023\/10\/raumspurensuche1.jpg\" alt=\"\" width=\"912\" height=\"203\" srcset=\"https:\/\/severalpursuits.org\/wp-content\/uploads\/2023\/10\/raumspurensuche1.jpg 912w, https:\/\/severalpursuits.org\/wp-content\/uploads\/2023\/10\/raumspurensuche1-300x67.jpg 300w, https:\/\/severalpursuits.org\/wp-content\/uploads\/2023\/10\/raumspurensuche1-768x171.jpg 768w\" sizes=\"auto, (max-width: 912px) 100vw, 912px\" \/><\/p>\n<p>PURSUIT: FAILURE (IN THE WORKS)<br \/>\nA radio play as listening station with set up kit by \/ Ein H\u00f6rspiel als H\u00f6rstation mit Aufbauplan von KitSum Chengis, Vancouver, CA<\/p>\n<p><img loading=\"lazy\" decoding=\"async\" class=\"alignnone wp-image-887 size-full\" src=\"https:\/\/severalpursuits.org\/wp-content\/uploads\/2023\/10\/listeningstation.jpg\" alt=\"\" width=\"611\" height=\"203\" srcset=\"https:\/\/severalpursuits.org\/wp-content\/uploads\/2023\/10\/listeningstation.jpg 611w, https:\/\/severalpursuits.org\/wp-content\/uploads\/2023\/10\/listeningstation-300x100.jpg 300w\" sizes=\"auto, (max-width: 611px) 100vw, 611px\" \/><\/p>\n<p>OPEN SLOT: Snippets from here and there \/ versch. Beitr\u00e4ge aus Berlin und anderswo<\/p>\n<p>1. Kerstin Karge \/ arttransponder, Berlin spoke about <a href=\"http:\/\/www.arttransponder.net\/279.0.html\">CHANCES OF CRISIS <\/a>\u2013 a Berlin networking project for independent art spaces which initiates a.o. round table discussions &amp; workshops \/ sprach \u00fcber <a href=\"http:\/\/www.arttransponder.net\/279.0.html\">CHANCES OF CRISIS \u2013 BEWEGUNGEN AUS EINEM INSTABILEN FELD<\/a> einem Netzwerkprojekt f\u00fcr unabh\u00e4ngige Kunstr\u00e4ume in Berlin das u.a. Round Tables Diskussionen und Workshops sowie einen Blog initiiert und koordiniert<\/p>\n<p>2. Moritz Wiedemann, Berlin read from his book \/ las aus seinem Buch <a href=\"http:\/\/www.ko-ko.de\/catalog_2\/product_info.php?products_id=253&amp;osCsid=8d89c847bc7f9bb5fc30b3823bd4864b\">SELBSTPORTRAIT<\/a><\/p>\n<p>3. Lothar Gr\u00f6schel, Berlin introduced the ideas behind the neighbourhood guided tour program of \/ stellte die Ideen hinter den Stadtteilf\u00fchrungen von <a href=\"http:\/\/www.ausfahrtwedding.de\/index.html\">N\u00c4CHSTE AUSFAHRT WEDDING<\/a> vor<\/p>\n<p><img loading=\"lazy\" decoding=\"async\" class=\"alignnone wp-image-888 size-full\" src=\"https:\/\/severalpursuits.org\/wp-content\/uploads\/2023\/10\/openslot.jpg\" alt=\"\" width=\"737\" height=\"203\" srcset=\"https:\/\/severalpursuits.org\/wp-content\/uploads\/2023\/10\/openslot.jpg 737w, https:\/\/severalpursuits.org\/wp-content\/uploads\/2023\/10\/openslot-300x83.jpg 300w\" sizes=\"auto, (max-width: 737px) 100vw, 737px\" \/><\/p>\n<p><a href=\"http:\/\/rosa-menkman.blogspot.com\">GLITCH STUDIES MANIFESTO \/\/ COLLAPSE OF PAL<\/a><br \/>\nPresentation &amp; Performance \/ Vortrag mit anschliessender Performance<br \/>\nRosa Menkman, Amsterdam, NL<\/p>\n<p><img loading=\"lazy\" decoding=\"async\" class=\"alignnone wp-image-889 size-full\" src=\"https:\/\/severalpursuits.org\/wp-content\/uploads\/2023\/10\/glitchstudies.jpg\" alt=\"\" width=\"518\" height=\"203\" srcset=\"https:\/\/severalpursuits.org\/wp-content\/uploads\/2023\/10\/glitchstudies.jpg 518w, https:\/\/severalpursuits.org\/wp-content\/uploads\/2023\/10\/glitchstudies-300x118.jpg 300w\" sizes=\"auto, (max-width: 518px) 100vw, 518px\" \/><\/p>\n<p>Bar open \/ Getr\u00e4nke erh\u00e4ltlich<\/p>\n<p><strong>Sunday\/Sonntag 7 November<\/strong> (11 &#8211; ca. 17 h)<\/p>\n<p><a href=\"http:\/\/verysmallkitchen.com\">PROJECT POETICS<\/a><br \/>\nPresentation &amp; Workshop \/ Vortrag &amp; Workshop<br \/>\n<a href=\"http:\/\/verysmallkitchen.com\">David Berridge, London, GB<\/a><\/p>\n<p><img loading=\"lazy\" decoding=\"async\" class=\"alignnone wp-image-890 size-full\" src=\"https:\/\/severalpursuits.org\/wp-content\/uploads\/2023\/10\/projectpoetics.jpg\" alt=\"\" width=\"916\" height=\"203\" srcset=\"https:\/\/severalpursuits.org\/wp-content\/uploads\/2023\/10\/projectpoetics.jpg 916w, https:\/\/severalpursuits.org\/wp-content\/uploads\/2023\/10\/projectpoetics-300x66.jpg 300w, https:\/\/severalpursuits.org\/wp-content\/uploads\/2023\/10\/projectpoetics-768x170.jpg 768w\" sizes=\"auto, (max-width: 916px) 100vw, 916px\" \/><\/p>\n<p>BOOM CITY<br \/>\nProject Presentation \/ Projektpr\u00e4sentation<br \/>\nMariana Madeira, Faro, Portugal<\/p>\n<p><img loading=\"lazy\" decoding=\"async\" class=\"alignnone wp-image-891 size-full\" src=\"https:\/\/severalpursuits.org\/wp-content\/uploads\/2023\/10\/boomcity.jpg\" alt=\"\" width=\"611\" height=\"203\" srcset=\"https:\/\/severalpursuits.org\/wp-content\/uploads\/2023\/10\/boomcity.jpg 611w, https:\/\/severalpursuits.org\/wp-content\/uploads\/2023\/10\/boomcity-300x100.jpg 300w\" sizes=\"auto, (max-width: 611px) 100vw, 611px\" \/><\/p>\n<p><a href=\"http:\/\/www.ruthbeale.net\/salons\">MISS B&#8217;S SALON<\/a><br \/>\nDiscussion Event \/ Thematische Gespr\u00e4chsrunde<br \/>\nRuth Beale, London, GB &amp; Guests<\/p>\n<p><img loading=\"lazy\" decoding=\"async\" class=\"alignnone wp-image-895 size-full\" src=\"https:\/\/severalpursuits.org\/wp-content\/uploads\/2023\/10\/missbsalon1-1.jpg\" alt=\"\" width=\"864\" height=\"203\" srcset=\"https:\/\/severalpursuits.org\/wp-content\/uploads\/2023\/10\/missbsalon1-1.jpg 864w, https:\/\/severalpursuits.org\/wp-content\/uploads\/2023\/10\/missbsalon1-1-300x70.jpg 300w, https:\/\/severalpursuits.org\/wp-content\/uploads\/2023\/10\/missbsalon1-1-768x180.jpg 768w\" sizes=\"auto, (max-width: 864px) 100vw, 864px\" \/><\/p>\n<p><strong>Other Contributions \/ Weitere Beitr\u00e4ge<\/strong><\/p>\n<p><a href=\"http:\/\/soa.unproduction.net\/index.html\">STRATEGIES OF AVOIDANCE <\/a><br \/>\nStefan Riebel, Berlin \/ Leipzig, Germany<\/p>\n<p><img loading=\"lazy\" decoding=\"async\" class=\"alignnone wp-image-893 size-full\" src=\"https:\/\/severalpursuits.org\/wp-content\/uploads\/2023\/10\/soa.jpg\" alt=\"\" width=\"305\" height=\"203\" srcset=\"https:\/\/severalpursuits.org\/wp-content\/uploads\/2023\/10\/soa.jpg 305w, https:\/\/severalpursuits.org\/wp-content\/uploads\/2023\/10\/soa-300x200.jpg 300w\" sizes=\"auto, (max-width: 305px) 100vw, 305px\" \/><\/p>\n<p><strong>FAILURE PUBLICATION<\/strong><\/p>\n<p>A publication with contributions by the participants and others is available as a pdf here \/<br \/>\nHeft mit Beitr\u00e4gen der Teilnehmer und anderen ist hier erh\u00e4ltlich<\/p>\n<p><img loading=\"lazy\" decoding=\"async\" class=\"alignnone wp-image-894 size-full\" src=\"https:\/\/severalpursuits.org\/wp-content\/uploads\/2023\/10\/failurepublication4-300x206-1.jpg\" alt=\"\" width=\"300\" height=\"206\" \/><\/p>\n<p>Photo credits: Stefan Riebel, Rosa Menkman<\/p>\n<p>&nbsp;<\/p>\n","protected":false},"excerpt":{"rendered":"<p>&nbsp; &nbsp; &nbsp; PURSUIT: FAILURE SYMPOSIUM 5-7 November 2010 Schererstrasse 9 \/ 11 @ Institut f\u00fcr Alles M\u00f6gliche &amp; secondhome projects 13347 Berlin-Wedding ALL WELCOME. Friday performance free \/\/ Sat &amp; Sun: 1 day \u20ac5 \/ 2 days \u20ac7 Free for Speakers &amp; OPEN SLOT Participants FAILURE is essential to all greatness, not merely in [&hellip;]<\/p>\n","protected":false},"author":2,"featured_media":0,"parent":0,"menu_order":4,"comment_status":"closed","ping_status":"closed","template":"","meta":{"footnotes":""},"class_list":["post-80","page","type-page","status-publish","hentry"],"_links":{"self":[{"href":"https:\/\/severalpursuits.org\/index.php?rest_route=\/wp\/v2\/pages\/80","targetHints":{"allow":["GET"]}}],"collection":[{"href":"https:\/\/severalpursuits.org\/index.php?rest_route=\/wp\/v2\/pages"}],"about":[{"href":"https:\/\/severalpursuits.org\/index.php?rest_route=\/wp\/v2\/types\/page"}],"author":[{"embeddable":true,"href":"https:\/\/severalpursuits.org\/index.php?rest_route=\/wp\/v2\/users\/2"}],"replies":[{"embeddable":true,"href":"https:\/\/severalpursuits.org\/index.php?rest_route=%2Fwp%2Fv2%2Fcomments&post=80"}],"version-history":[{"count":4,"href":"https:\/\/severalpursuits.org\/index.php?rest_route=\/wp\/v2\/pages\/80\/revisions"}],"predecessor-version":[{"id":898,"href":"https:\/\/severalpursuits.org\/index.php?rest_route=\/wp\/v2\/pages\/80\/revisions\/898"}],"wp:attachment":[{"href":"https:\/\/severalpursuits.org\/index.php?rest_route=%2Fwp%2Fv2%2Fmedia&parent=80"}],"curies":[{"name":"wp","href":"https:\/\/api.w.org\/{rel}","templated":true}]}}